{"id":35,"date":"2024-10-24T02:12:51","date_gmt":"2024-10-24T02:12:51","guid":{"rendered":"https:\/\/www.mtqs.cz\/?page_id=35"},"modified":"2025-02-10T19:32:58","modified_gmt":"2025-02-10T19:32:58","slug":"zdvojene-podlahy","status":"publish","type":"page","link":"https:\/\/www.mtqs.cz\/?page_id=35","title":{"rendered":"Zdvojen\u00e9 podlahy"},"content":{"rendered":"\n<p>Vyu\u017eit\u00ed zdvojen\u00fdch podlah je v administrativn\u00edch budov\u00e1ch, bank\u00e1ch, technologick\u00fdch centrech, rozvodn\u00e1ch, serverovn\u00e1ch a dal\u0161\u00edch provozech, kde je pot\u0159ebn\u00e9 vytvo\u0159it meziprostor pro rozveden\u00ed elektrick\u00fdch, datov\u00fdch, zabezpe\u010dovac\u00edch a dal\u0161\u00edch s\u00edt\u00ed, rozvod m\u00e9di\u00ed a p\u0159\u00edpadn\u011b i vzduchotechniky a protipo\u017e\u00e1rn\u00edch syst\u00e9m\u016f pod podlahou, \u010d\u00edm\u017e umo\u017e\u0148uj\u00ed vysokou variabilitu prostoru a instalac\u00ed budovy. V\u00fd\u0161ka pod podlahou m\u016f\u017ee b\u00fdt 50 a\u017e 600 mm, v p\u0159\u00edpad\u011b pot\u0159eby i v\u011bt\u0161\u00ed.<br><br>Nosnost d\u0159evot\u0159\u00edskov\u00fdch zdvojen\u00fdch\u00a0podlah je dle pou\u017eit\u00e9ho typu konstrukce a\u017e do 2000 kg\/m2. Zdvojen\u00e9 podlahy se montuj\u00ed na rektifikovateln\u00e9 stojky o v\u00fd\u0161ce dle pot\u0159eb stavby, kter\u00e9 se lep\u00ed pru\u017en\u00fdm tmelem na podkladn\u00ed beton nebo jin\u00fd materi\u00e1l. Stojky o v\u00fd\u0161ce nad 600mm\u00a0jsou dopln\u011bny rastrov\u00fdmi ty\u010demi. Na stojk\u00e1ch jsou ulo\u017eeny desky zdvojen\u00e9 podlahy, obvykle \u010dtverce rozm\u011bru 600 x 600 mm z materi\u00e1lu MDF o tlou\u0161\u0165ce 30 a\u017e 40 mm (dle po\u017eadovan\u00e9 \u00fanosnosti).<br><br>Bo\u010dn\u00ed hrany desek jsou kryty plastovou li\u0161tou z d\u016fvodu ochrany proti n\u00e1razu a proti vlhkosti. Spodn\u00ed strana je opat\u0159ena hlin\u00edkovou f\u00f3li\u00ed, p\u0159\u00edpadn\u011b pozinkovan\u00fdm plechem. Styk desek se stojkami je \u0159e\u0161en grafitovou vodivou podlo\u017ekou, kter\u00e1 m\u00e1 z\u00e1rove\u0148 zvukov\u011b izola\u010dn\u00ed vlastnosti. Jako podlahov\u00e9 krytiny se instaluj\u00ed zejm\u00e9na kobercov\u00e9 \u010dtverce, nebo PVC v antistatick\u00e9m nebo nevodiv\u00e9m proveden\u00ed, vodiv\u00e1 guma, d\u0159ev\u011bn\u00e9 parkety, plovouc\u00ed podlahy, keramick\u00e1 dla\u017eba, \u017eulov\u00e1 dla\u017eba a dal\u0161\u00ed materi\u00e1ly.<br><br>Kontaktujte n\u00e1s, r\u00e1di V\u00e1m navrhneme vhodn\u00e9 \u0159e\u0161en\u00ed do Va\u0161eho provozu.<\/p>\n\n\n\n<div class=\"wp-block-group is-layout-grid wp-container-core-group-is-layout-988b637e wp-block-group-is-layout-grid\">\n<figure class=\"wp-block-image size-full\"><img loading=\"lazy\" decoding=\"async\" width=\"572\" height=\"429\" src=\"https:\/\/www.mtqs.cz\/wp-content\/uploads\/2024\/10\/ce0e5352e6b658aceb2b659d44790419-edited.png\" alt=\"\" class=\"wp-image-64\" srcset=\"https:\/\/www.mtqs.cz\/wp-content\/uploads\/2024\/10\/ce0e5352e6b658aceb2b659d44790419-edited.png 572w, https:\/\/www.mtqs.cz\/wp-content\/uploads\/2024\/10\/ce0e5352e6b658aceb2b659d44790419-edited-300x225.png 300w\" sizes=\"auto, (max-width: 572px) 100vw, 572px\" \/><\/figure>\n\n\n\n<figure class=\"wp-block-image size-full\"><img loading=\"lazy\" decoding=\"async\" width=\"850\" height=\"638\" src=\"https:\/\/www.mtqs.cz\/wp-content\/uploads\/2024\/10\/Snimek-034.jpg\" alt=\"\" class=\"wp-image-96\" srcset=\"https:\/\/www.mtqs.cz\/wp-content\/uploads\/2024\/10\/Snimek-034.jpg 850w, https:\/\/www.mtqs.cz\/wp-content\/uploads\/2024\/10\/Snimek-034-300x225.jpg 300w, https:\/\/www.mtqs.cz\/wp-content\/uploads\/2024\/10\/Snimek-034-768x576.jpg 768w\" sizes=\"auto, (max-width: 850px) 100vw, 850px\" \/><\/figure>\n\n\n\n<figure class=\"wp-block-image size-full\"><img loading=\"lazy\" decoding=\"async\" width=\"850\" height=\"638\" src=\"https:\/\/www.mtqs.cz\/wp-content\/uploads\/2024\/10\/DSCF0210.jpg\" alt=\"\" class=\"wp-image-97\" srcset=\"https:\/\/www.mtqs.cz\/wp-content\/uploads\/2024\/10\/DSCF0210.jpg 850w, https:\/\/www.mtqs.cz\/wp-content\/uploads\/2024\/10\/DSCF0210-300x225.jpg 300w, https:\/\/www.mtqs.cz\/wp-content\/uploads\/2024\/10\/DSCF0210-768x576.jpg 768w\" sizes=\"auto, (max-width: 850px) 100vw, 850px\" \/><\/figure>\n<\/div>\n\n\n\n<p><\/p>\n","protected":false},"excerpt":{"rendered":"<p>Vyu\u017eit\u00ed zdvojen\u00fdch podlah je v administrativn\u00edch budov\u00e1ch, bank\u00e1ch, technologick\u00fdch centrech, rozvodn\u00e1ch, serverovn\u00e1ch a dal\u0161\u00edch provozech, kde je pot\u0159ebn\u00e9 vytvo\u0159it meziprostor pro rozveden\u00ed elektrick\u00fdch, datov\u00fdch, zabezpe\u010dovac\u00edch a dal\u0161\u00edch s\u00edt\u00ed, rozvod m\u00e9di\u00ed a p\u0159\u00edpadn\u011b i vzduchotechniky a protipo\u017e\u00e1rn\u00edch syst\u00e9m\u016f pod podlahou, \u010d\u00edm\u017e umo\u017e\u0148uj\u00ed vysokou variabilitu prostoru a instalac\u00ed budovy. V\u00fd\u0161ka pod podlahou m\u016f\u017ee b\u00fdt 50 a\u017e 600 [&hellip;]<\/p>\n","protected":false},"author":1,"featured_media":0,"parent":0,"menu_order":0,"comment_status":"closed","ping_status":"closed","template":"page-templates\/page-sidebar-none.php","meta":{"footnotes":""},"class_list":["post-35","page","type-page","status-publish","hentry"],"_links":{"self":[{"href":"https:\/\/www.mtqs.cz\/index.php?rest_route=\/wp\/v2\/pages\/35","targetHints":{"allow":["GET"]}}],"collection":[{"href":"https:\/\/www.mtqs.cz\/index.php?rest_route=\/wp\/v2\/pages"}],"about":[{"href":"https:\/\/www.mtqs.cz\/index.php?rest_route=\/wp\/v2\/types\/page"}],"author":[{"embeddable":true,"href":"https:\/\/www.mtqs.cz\/index.php?rest_route=\/wp\/v2\/users\/1"}],"replies":[{"embeddable":true,"href":"https:\/\/www.mtqs.cz\/index.php?rest_route=%2Fwp%2Fv2%2Fcomments&post=35"}],"version-history":[{"count":6,"href":"https:\/\/www.mtqs.cz\/index.php?rest_route=\/wp\/v2\/pages\/35\/revisions"}],"predecessor-version":[{"id":276,"href":"https:\/\/www.mtqs.cz\/index.php?rest_route=\/wp\/v2\/pages\/35\/revisions\/276"}],"wp:attachment":[{"href":"https:\/\/www.mtqs.cz\/index.php?rest_route=%2Fwp%2Fv2%2Fmedia&parent=35"}],"curies":[{"name":"wp","href":"https:\/\/api.w.org\/{rel}","templated":true}]}}